{"id":1679,"date":"2022-01-17T15:58:33","date_gmt":"2022-01-17T14:58:33","guid":{"rendered":"https:\/\/unbequemefragen.ch\/?page_id=1679"},"modified":"2022-09-16T22:04:41","modified_gmt":"2022-09-16T21:04:41","slug":"die-sicherheitspolitische-wochenschau-audiatur-et-altera-pars","status":"publish","type":"page","link":"https:\/\/unbequemefragen.ch\/?page_id=1679","title":{"rendered":"Die Sicherheitspolitische Wochenschau &#8220;audiatur et altera pars&#8221;"},"content":{"rendered":"\n<p><strong>Krieg und Konflikte werden verhindert, indem man sich vertieft mit der Lage, den Beweggr\u00fcnden und den Absichten seines Gegen\u00fcbers auseinandersetzt und so den anderen versteht. Dazu leistet die Sicherheitspolitische Wochenschau ihren Beitrag.<\/strong><\/p>\n\n\n\n<p>Vom Fr\u00fchling 2014 bis Januar 2022 war ich als Redaktor f\u00fcr die &#8220;Sicherheitspolitische Wochenschau&#8221; der Fricktalische Offiziersgesellschaft (FOG) zust\u00e4ndig. Seit Februar 2022 wird dieser w\u00f6chentliche Newsletter unabh\u00e4ngig von der FOG weitergef\u00fchrt.<\/p>\n\n\n\n<p>Der inhaltliche Fokus liegt exklusiv auf geopolitische, geostrategische, kommunikative (Propagandamethoden) und damit zusammenh\u00e4ngende Aspekte (z.B: Energiesicherheit).<\/p>\n\n\n\n<p>Das&nbsp;<strong>Ziel<\/strong>&nbsp;der <em>Sicherheitspolitischen Wochenschau<\/em> ist, Ihnen eine&nbsp;<strong>andere Sicht<\/strong>&nbsp;auf sicherheitspolitische Fragen und Ereignisse zu bieten. Diese andere Sicht wird \u2013&nbsp;bewusst oder fahrl\u00e4ssig \u2013&nbsp;oft in den t\u00e4glich konsumierten Massenmedien weggelassen oder falsch wiedergegeben.<\/p>\n\n\n\n<p>Auf bekannte, in den Systemmedien publizierte Aspekte, wird deshalb bewusst verzichtet. Ich empfehle den Konsum dieser <em>&#8220;Mainstream-Medien&#8221;<\/em> als Erg\u00e4nzung aber gleichwohl, da die Auseinandersetzung mit beiden Seiten das kritische Denken anregt und das Denken in Schubladen, Stereotypen oder vorgefassten Meinungen reduziert. Die Leser sollen sich den unterschiedlichen Auffassungen aussetzen und sich ihre eigenen Gedanken machen. Fragen Sie sich: Was ergibt mehr Sinn? Welche Interessen stecken wohl dahinter? Was soll ich glauben? Wer profitiert? Wie h\u00e4ngen die Dinge zusammen? Wie war es das letzte Mal, als ich dieses Argument geh\u00f6rt habe? Wieso habe ich davon bisher nichts geh\u00f6rt? <\/p>\n\n\n\n<p>Ziehen Sie am Ende der Berichte selbst Bilanz: Was war neu, was anders und was bekannt? Je mehr neue Aspekte Sie aus dem Gelesenen entnehmen k\u00f6nnen, desto besser. <\/p>\n\n\n\n<p>Der Newsletter ist kostenlos. Spenden sind willkommen.<\/p>\n\n\n\n<p>Die Alternative zur Zustellung per E-Mail: <a href=\"https:\/\/t.me\/etalterapars\">telegram.org<\/a>: Hier erhalten Sie ausserdem jeweils den neusten <em>&#8220;Wochenbericht aus dem B\u00fcro Ha&#8221;<\/em><\/p>\n\n\n\n<p><strong>Anmeldung<\/strong><\/p>\n\n\n\n<!-- Begin Sendinblue Form -->\n<!-- START - We recommend to place the below code in head tag of your website html  -->\n<style>\n  @font-face {\n    font-display: block;\n    font-family: Roboto;\n    src: url(https:\/\/assets.sendinblue.com\/font\/Roboto\/Latin\/normal\/normal\/7529907e9eaf8ebb5220c5f9850e3811.woff2) format(\"woff2\"), url(https:\/\/assets.sendinblue.com\/font\/Roboto\/Latin\/normal\/normal\/25c678feafdc175a70922a116c9be3e7.woff) format(\"woff\")\n  }\n\n  @font-face {\n    font-display: fallback;\n    font-family: Roboto;\n    font-weight: 600;\n    src: url(https:\/\/assets.sendinblue.com\/font\/Roboto\/Latin\/medium\/normal\/6e9caeeafb1f3491be3e32744bc30440.woff2) format(\"woff2\"), url(https:\/\/assets.sendinblue.com\/font\/Roboto\/Latin\/medium\/normal\/71501f0d8d5aa95960f6475d5487d4c2.woff) format(\"woff\")\n  }\n\n  @font-face {\n    font-display: fallback;\n    font-family: Roboto;\n    font-weight: 700;\n    src: url(https:\/\/assets.sendinblue.com\/font\/Roboto\/Latin\/bold\/normal\/3ef7cf158f310cf752d5ad08cd0e7e60.woff2) format(\"woff2\"), url(https:\/\/assets.sendinblue.com\/font\/Roboto\/Latin\/bold\/normal\/ece3a1d82f18b60bcce0211725c476aa.woff) format(\"woff\")\n  }\n\n  #sib-container input:-ms-input-placeholder {\n    text-align: left;\n    font-family: \"Helvetica\", sans-serif;\n    color: #c0ccda;\n  }\n\n  #sib-container input::placeholder {\n    text-align: left;\n    font-family: \"Helvetica\", sans-serif;\n    color: #c0ccda;\n  }\n\n  #sib-container textarea::placeholder {\n    text-align: left;\n    font-family: \"Helvetica\", sans-serif;\n    color: #c0ccda;\n  }\n<\/style>\n<link rel=\"stylesheet\" href=\"https:\/\/sibforms.com\/forms\/end-form\/build\/sib-styles.css\">\n<!--  END - We recommend to place the above code in head tag of your website html -->\n\n<!-- START - We recommend to place the below code where you want the form in your website html  -->\n<div class=\"sib-form\" style=\"text-align: center;\n         background-color: transparent;                                 \">\n  <div id=\"sib-form-container\" class=\"sib-form-container\">\n    <div id=\"error-message\" class=\"sib-form-message-panel\" style=\"font-size:16px; text-align:left; font-family:&quot;Helvetica&quot;, sans-serif; color:#661d1d; background-color:#ffeded; border-radius:3px; border-color:#ff4949;max-width:540px;\">\n      <div class=\"sib-form-message-panel__text sib-form-message-panel__text--center\">\n        <svg viewBox=\"0 0 512 512\" class=\"sib-icon sib-notification__icon\">\n          <path d=\"M256 40c118.621 0 216 96.075 216 216 0 119.291-96.61 216-216 216-119.244 0-216-96.562-216-216 0-119.203 96.602-216 216-216m0-32C119.043 8 8 119.083 8 256c0 136.997 111.043 248 248 248s248-111.003 248-248C504 119.083 392.957 8 256 8zm-11.49 120h22.979c6.823 0 12.274 5.682 11.99 12.5l-7 168c-.268 6.428-5.556 11.5-11.99 11.5h-8.979c-6.433 0-11.722-5.073-11.99-11.5l-7-168c-.283-6.818 5.167-12.5 11.99-12.5zM256 340c-15.464 0-28 12.536-28 28s12.536 28 28 28 28-12.536 28-28-12.536-28-28-28z\"><\/path>\n        <\/svg>\n        <span class=\"sib-form-message-panel__inner-text\">\n                          Ihre Anmeldung konnte nicht gespeichert werden. Bitte versuchen Sie es erneut.\n                      <\/span>\n      <\/div>\n    <\/div>\n    <div><\/div>\n    <div id=\"success-message\" class=\"sib-form-message-panel\" style=\"font-size:16px; text-align:left; font-family:&quot;Helvetica&quot;, sans-serif; color:#085229; background-color:#e7faf0; border-radius:3px; border-color:#13ce66;max-width:540px;\">\n      <div class=\"sib-form-message-panel__text sib-form-message-panel__text--center\">\n        <svg viewBox=\"0 0 512 512\" class=\"sib-icon sib-notification__icon\">\n          <path d=\"M256 8C119.033 8 8 119.033 8 256s111.033 248 248 248 248-111.033 248-248S392.967 8 256 8zm0 464c-118.664 0-216-96.055-216-216 0-118.663 96.055-216 216-216 118.664 0 216 96.055 216 216 0 118.663-96.055 216-216 216zm141.63-274.961L217.15 376.071c-4.705 4.667-12.303 4.637-16.97-.068l-85.878-86.572c-4.667-4.705-4.637-12.303.068-16.97l8.52-8.451c4.705-4.667 12.303-4.637 16.97.068l68.976 69.533 163.441-162.13c4.705-4.667 12.303-4.637 16.97.068l8.451 8.52c4.668 4.705 4.637 12.303-.068 16.97z\"><\/path>\n        <\/svg>\n        <span class=\"sib-form-message-panel__inner-text\">\n                          Ihre Anmeldung war erfolgreich.\n                      <\/span>\n      <\/div>\n    <\/div>\n    <div><\/div>\n    <div id=\"sib-container\" class=\"sib-container--large sib-container--vertical\" style=\"text-align:center; background-color:rgba(255,255,255,1); max-width:540px; border-radius:3px; border-width:1px; border-color:#C0CCD9; border-style:solid;\">\n      <form id=\"sib-form\" method=\"POST\" action=\"https:\/\/2e0eab92.sibforms.com\/serve\/MUIEAOgaDwdUPFOT7DxCLVLeyOFg_HlFOaW40KQ_HgbQ3JOwOc7-rhEBp7U2ynHRtOCi71EFtleyrM6dQLSE5KjrWdQDLroM2YrKsnTP0iIh_PiWf6FNMfS-CmEwmF9hx4MvHXdea_G-3Vv-m-9FXrlc5O2bLjyCnfwwAMY4hcIHPQqv-72Ov7DCuR9etIl5Lc8upr-O2uC8i7eA\" data-type=\"subscription\">\n        <div style=\"padding: 8px 0;\">\n          <div class=\"sib-form-block\" style=\"font-size:32px; text-align:left; font-weight:700; font-family:&quot;Helvetica&quot;, sans-serif; color:#3C4858; background-color:transparent;\">\n            <p>Newsletter abonnieren<\/p>\n          <\/div>\n        <\/div>\n        <div style=\"padding: 8px 0;\">\n          <div class=\"sib-input sib-form-block\">\n            <div class=\"form__entry entry_block\">\n              <div class=\"form__label-row \">\n                <label class=\"entry__label\" style=\"font-size:16px; text-align:left; font-weight:700; font-family:&quot;Helvetica&quot;, sans-serif; color:#3c4858;\" for=\"VORNAME\" data-required=\"*\">\n                  Geben Sie Ihren VORNAMEN ein\n                <\/label>\n\n                <div class=\"entry__field\">\n                  <input class=\"input\" maxlength=\"200\" type=\"text\" id=\"VORNAME\" name=\"VORNAME\" autocomplete=\"off\" placeholder=\"VORNAME\" data-required=\"true\" required=\"\">\n                <\/div>\n              <\/div>\n\n              <label class=\"entry__error entry__error--primary\" style=\"font-size:16px; text-align:left; font-family:&quot;Helvetica&quot;, sans-serif; color:#661d1d; background-color:#ffeded; border-radius:3px; border-color:#ff4949;\">\n              <\/label>\n            <\/div>\n          <\/div>\n        <\/div>\n        <div style=\"padding: 8px 0;\">\n          <div class=\"sib-input sib-form-block\">\n            <div class=\"form__entry entry_block\">\n              <div class=\"form__label-row \">\n                <label class=\"entry__label\" style=\"font-size:16px; text-align:left; font-weight:700; font-family:&quot;Helvetica&quot;, sans-serif; color:#3c4858;\" for=\"NACHNAME\" data-required=\"*\">\n                  Geben Sie Ihren NACHNAMEN ein\n                <\/label>\n\n                <div class=\"entry__field\">\n                  <input class=\"input\" maxlength=\"200\" type=\"text\" id=\"NACHNAME\" name=\"NACHNAME\" autocomplete=\"off\" placeholder=\"NACHNAME\" data-required=\"true\" required=\"\">\n                <\/div>\n              <\/div>\n\n              <label class=\"entry__error entry__error--primary\" style=\"font-size:16px; text-align:left; font-family:&quot;Helvetica&quot;, sans-serif; color:#661d1d; background-color:#ffeded; border-radius:3px; border-color:#ff4949;\">\n              <\/label>\n            <\/div>\n          <\/div>\n        <\/div>\n        <div style=\"padding: 8px 0;\">\n          <div class=\"sib-input sib-form-block\">\n            <div class=\"form__entry entry_block\">\n              <div class=\"form__label-row \">\n                <label class=\"entry__label\" style=\"font-size:16px; text-align:left; font-weight:700; font-family:&quot;Helvetica&quot;, sans-serif; color:#3c4858;\" for=\"EMAIL\" data-required=\"*\">\n                  Geben Sie Ihre E-Mail-Adresse ein\n                <\/label>\n\n                <div class=\"entry__field\">\n                  <input class=\"input\" type=\"text\" id=\"EMAIL\" name=\"EMAIL\" autocomplete=\"off\" placeholder=\"E-MAIL\" data-required=\"true\" required=\"\">\n                <\/div>\n              <\/div>\n\n              <label class=\"entry__error entry__error--primary\" style=\"font-size:16px; text-align:left; font-family:&quot;Helvetica&quot;, sans-serif; color:#661d1d; background-color:#ffeded; border-radius:3px; border-color:#ff4949;\">\n              <\/label>\n            <\/div>\n          <\/div>\n        <\/div>\n        <div style=\"padding: 8px 0;\">\n          <div class=\"sib-form-block\" style=\"text-align: left\">\n            <button class=\"sib-form-block__button sib-form-block__button-with-loader\" style=\"font-size:16px; text-align:left; font-weight:700; font-family:&quot;Helvetica&quot;, sans-serif; color:#FFFFFF; background-color:#3E4857; border-radius:3px; border-width:0px;\" form=\"sib-form\" type=\"submit\">\n              <svg class=\"icon clickable__icon progress-indicator__icon sib-hide-loader-icon\" viewBox=\"0 0 512 512\">\n                <path d=\"M460.116 373.846l-20.823-12.022c-5.541-3.199-7.54-10.159-4.663-15.874 30.137-59.886 28.343-131.652-5.386-189.946-33.641-58.394-94.896-95.833-161.827-99.676C261.028 55.961 256 50.751 256 44.352V20.309c0-6.904 5.808-12.337 12.703-11.982 83.556 4.306 160.163 50.864 202.11 123.677 42.063 72.696 44.079 162.316 6.031 236.832-3.14 6.148-10.75 8.461-16.728 5.01z\"><\/path>\n              <\/svg>\n              ANMELDEN\n            <\/button>\n          <\/div>\n        <\/div>\n\n        <input type=\"text\" name=\"email_address_check\" value=\"\" class=\"input--hidden\">\n        <input type=\"hidden\" name=\"locale\" value=\"de\">\n      <\/form>\n    <\/div>\n  <\/div>\n<\/div>\n<!-- END - We recommend to place the below code where you want the form in your website html  -->\n\n<!-- START - We recommend to place the below code in footer or bottom of your website html  -->\n<script>\n  window.REQUIRED_CODE_ERROR_MESSAGE = 'W\u00e4hlen Sie bitte einen L\u00e4ndervorwahl aus.';\n  window.LOCALE = 'de';\n  window.EMAIL_INVALID_MESSAGE = window.SMS_INVALID_MESSAGE = \"Die eingegebenen Informationen sind nicht g\u00fcltig. Bitte \u00fcberpr\u00fcfen Sie das Feldformat und versuchen Sie es erneut.\";\n\n  window.REQUIRED_ERROR_MESSAGE = \"Dieses Feld darf nicht leer sein. \";\n\n  window.GENERIC_INVALID_MESSAGE = \"Die eingegebenen Informationen sind nicht g\u00fcltig. Bitte \u00fcberpr\u00fcfen Sie das Feldformat und versuchen Sie es erneut.\";\n\n\n\n\n  window.translation = {\n    common: {\n      selectedList: '{quantity} Liste ausgew\u00e4hlt',\n      selectedLists: '{quantity} Listen ausgew\u00e4hlt'\n    }\n  };\n\n  var AUTOHIDE = Boolean(0);\n<\/script>\n<script src=\"https:\/\/sibforms.com\/forms\/end-form\/build\/main.js\"><\/script>\n\n\n<!-- END - We recommend to place the above code in footer or bottom of your website html  -->\n<!-- End Sendinblue Form -->\n\n\n\n<hr class=\"wp-block-separator has-css-opacity is-style-wide\"\/>\n\n\n\n<p><strong>Archiv &#8220;audiatur et altera pars&#8221;<\/strong><\/p>\n\n\n\n<ul class=\"wp-block-list\"><li><a href=\"https:\/\/unbequemefragen.ch\/?page_id=1927(opens in a new tab)\">Ausgabe 27\/22 vom 9. Juli 2022<\/a><\/li><li><a href=\"https:\/\/unbequemefragen.ch\/?page_id=1911\">Ausgabe 26\/22 vom 2. Juli 2022<\/a><\/li><li><a href=\"https:\/\/unbequemefragen.ch\/?page_id=1860\">Ausgabe 19\/22 vom 14. Mai 2022<\/a><\/li><li><a href=\"https:\/\/unbequemefragen.ch\/?page_id=1843\">Ausgabe 15\/22 vom 16.April 2022<\/a><\/li><li><a href=\"https:\/\/unbequemefragen.ch\/?page_id=1825\" data-type=\"page\" data-id=\"1825\">Ausgabe 14\/22 vom 9. April 2022<\/a><\/li><li><a href=\"https:\/\/unbequemefragen.ch\/?page_id=1815\">Ausgabe 13\/22 vom 2. April 2022<\/a><\/li><li><a href=\"https:\/\/unbequemefragen.ch\/?page_id=1809\">Ausgabe 12\/22 vom 26. M\u00e4rz 2022<\/a><\/li><li><a href=\"https:\/\/unbequemefragen.ch\/?page_id=1795\">Ausgabe 11\/22 vom 19. M\u00e4rz 2022<\/a><\/li><li><a href=\"https:\/\/unbequemefragen.ch\/?page_id=1783\">Ausgabe 10\/22 vom 11. M\u00e4rz 2022<\/a><\/li><li><a href=\"https:\/\/unbequemefragen.ch\/?page_id=1766\" data-type=\"page\" data-id=\"1766\">Ausgabe 09\/22 vom 4. M\u00e4rz 2022<\/a><\/li><li><a href=\"https:\/\/unbequemefragen.ch\/?page_id=1752\">Ausgabe 08\/22 vom 26. Februar 2022<\/a><\/li><li><a href=\"https:\/\/unbequemefragen.ch\/?page_id=1748\">Ausgabe 07\/22 vom 19. Februar 2022<\/a><\/li><li><a href=\"https:\/\/unbequemefragen.ch\/?page_id=1734\" data-type=\"page\" data-id=\"1734\">Ausgabe 06\/22 vom 12. Februar 2022<\/a><\/li><li><a href=\"https:\/\/unbequemefragen.ch\/?page_id=1727\" data-type=\"page\" data-id=\"1727\">Ausgabe 05\/22 vom 5. Februar 2022<\/a><\/li><\/ul>\n\n\n\n<hr class=\"wp-block-separator has-css-opacity is-style-wide\"\/>\n\n\n\n<p><strong>Word &amp; Bild<\/strong><\/p>\n\n\n\n<p><a href=\"https:\/\/unbequemefragen.ch\/?page_id=2011\">Clippings, die zum Denken anregen.<\/a><\/p>\n\n\n\n<hr class=\"wp-block-separator has-alpha-channel-opacity is-style-wide\"\/>\n\n\n\n<p><strong>Archiv &#8220;Sicherheitspolitische Wochenschau der FOG&#8221;<\/strong><\/p>\n\n\n\n<style type=\"text\/css\">\n<!--\n.display_archive {font-family: arial,verdana; font-size: 12px;}\n.campaign {line-height: 125%; margin: 5px;}\n\/\/-->\n<\/style>\n\n<script language=\"javascript\" src=\"\/\/netmex.us6.list-manage.com\/generate-js\/?u=1748f227ce5f6d94a647645c5&amp;fid=7361&amp;show=10\" type=\"text\/javascript\"><\/script>\n\n\n\n<hr class=\"wp-block-separator has-css-opacity is-style-wide\"\/>\n\n\n\n<p><strong>Nutzungsempfehlung<\/strong><\/p>\n\n\n\n<p>Die Wochenschau ist in drei Lesestufen gegliedert:<\/p>\n\n\n\n<ol class=\"wp-block-list\"><li>Nur&nbsp;<strong>Kernaussagen<\/strong>: Lesen Sie die&nbsp;<strong>fett<\/strong>&nbsp;hervorgehobenen Stellen.<\/li><li>Das&nbsp;<strong>Wichtigste<\/strong>: Lesen Sie alle hier zitierten&nbsp;Ausschnitte.<\/li><li>In die&nbsp;<strong>Tiefe<\/strong>: Lesen Sie den verlinkten Artikel. Je mehr Sterne, desto empfehlenswerter ist die Lekt\u00fcre des gesamten Beitrags bzw. desto wichtiger ist die Nachricht im globalen Kontext (\u2b50\u2b50\u2b50\u2b50\u2b50 = Absolut lesenswert oder&nbsp;Schl\u00fcsselnachricht).<\/li><\/ol>\n\n\n\n<p>Tipp<strong>:<\/strong><br>Vergleichen Sie bitte die &#8220;geistige&nbsp;Flugh\u00f6he&#8221;&nbsp;der Beitr\u00e4ge aus dem Ausland und der Schweiz&#8230;<\/p>\n\n\n\n<p><strong>Spenden<\/strong><\/p>\n\n\n\n<p>Sind willkommen auf Konto mit IBAN <br>CH93 0900 0000 4019 3029 1<\/p>\n\n\n\n<hr class=\"wp-block-separator has-css-opacity\"\/>\n\n\n\n<p><\/p>\n","protected":false},"excerpt":{"rendered":"<p>Krieg und Konflikte werden verhindert, indem man sich vertieft mit der Lage, den Beweggr\u00fcnden und den Absichten seines Gegen\u00fcbers auseinandersetzt und so den anderen versteht. Dazu leistet die Sicherheitspolitische Wochenschau ihren Beitrag. Vom Fr\u00fchling 2014 bis Januar 2022 war ich &hellip; <a href=\"https:\/\/unbequemefragen.ch\/?page_id=1679\">Continue reading <span class=\"meta-nav\">&rarr;<\/span><\/a><\/p>\n","protected":false},"author":1,"featured_media":1681,"parent":0,"menu_order":0,"comment_status":"closed","ping_status":"closed","template":"","meta":{"footnotes":""},"class_list":["post-1679","page","type-page","status-publish","has-post-thumbnail","hentry"],"jetpack_sharing_enabled":true,"post_mailing_queue_ids":[],"_links":{"self":[{"href":"https:\/\/unbequemefragen.ch\/index.php?rest_route=\/wp\/v2\/pages\/1679","targetHints":{"allow":["GET"]}}],"collection":[{"href":"https:\/\/unbequemefragen.ch\/index.php?rest_route=\/wp\/v2\/pages"}],"about":[{"href":"https:\/\/unbequemefragen.ch\/index.php?rest_route=\/wp\/v2\/types\/page"}],"author":[{"embeddable":true,"href":"https:\/\/unbequemefragen.ch\/index.php?rest_route=\/wp\/v2\/users\/1"}],"replies":[{"embeddable":true,"href":"https:\/\/unbequemefragen.ch\/index.php?rest_route=%2Fwp%2Fv2%2Fcomments&post=1679"}],"version-history":[{"count":27,"href":"https:\/\/unbequemefragen.ch\/index.php?rest_route=\/wp\/v2\/pages\/1679\/revisions"}],"predecessor-version":[{"id":2013,"href":"https:\/\/unbequemefragen.ch\/index.php?rest_route=\/wp\/v2\/pages\/1679\/revisions\/2013"}],"wp:featuredmedia":[{"embeddable":true,"href":"https:\/\/unbequemefragen.ch\/index.php?rest_route=\/wp\/v2\/media\/1681"}],"wp:attachment":[{"href":"https:\/\/unbequemefragen.ch\/index.php?rest_route=%2Fwp%2Fv2%2Fmedia&parent=1679"}],"curies":[{"name":"wp","href":"https:\/\/api.w.org\/{rel}","templated":true}]}}